{"id":236512,"date":"2024-03-05T20:40:04","date_gmt":"2024-03-05T19:40:04","guid":{"rendered":"https:\/\/hotel-le-milan.doreabox.com\/?post_type=product&#038;p=236512"},"modified":"2024-03-06T17:05:09","modified_gmt":"2024-03-06T16:05:09","slug":"voyage-paris-lourdes-du-11-au-17-aout-2024","status":"publish","type":"product","link":"https:\/\/hotel-le-milan.doreabox.com\/en\/coffrets-cadeaux\/voyage-paris-lourdes-du-11-au-17-aout-2024\/","title":{"rendered":"Test &#8211; Voyage Paris-Lourdes du 11 au 17 Ao\u00fbt 2024"},"content":{"rendered":"<p>Test<\/p>\n<p>Inclus dans ce forfait : Transport en autocar A\/R + 5 nuits d\u2019h\u00e9bergement \u00e0 l&#8217;H\u00f4tel Le Milan + 14 Repas (d\u00e9jeuner + d\u00eener + petit d\u00e9jeuner)<\/p>\n<p><strong><em>Prix Standard pour ce s\u00e9jour : 495 euros par personne<\/em><\/strong><\/p>\n<p>Suppl\u00e9ment Single : 50 euros de suppl\u00e9ment pour le s\u00e9jour \u00e0 payer \u00e0 votre arriv\u00e9e \u00e0 l&#8217;H\u00f4tel (pour une personne qui voyage seule, pour une chambre individuelle)<\/p>\n<p>&nbsp;<\/p>\n<p><strong><em><u>Voici le programme\u00a0: 11 au 17 ao\u00fbt 2024<\/u><\/em><\/strong><\/p>\n<p><strong><em>Dimanche 11 ao\u00fbt 2024<\/em><\/strong><\/p>\n<p>L\u2019Autocar partira de de Paris Porte d\u2019Orl\u00e9ans (M\u00e9tro ligne 4) \u00e0 21h30.<\/p>\n<p>Merci d\u2019arriver au point de d\u00e9part minimum 30 minutes avant le d\u00e9part de d\u2019Autocar<\/p>\n<p>Adresse pour le d\u00e9part du bus\u00a0: 15 &#8211; 21 Bd Romain Rolland, 75014 Paris (devant Hotel Novotel Porte d\u2019Orl\u00e9ans)<\/p>\n<p>L\u2019Accompagnateur du Groupe : Vincent Luxman \u2013 06 60 48 49 10<\/p>\n<p>&nbsp;<\/p>\n<p><strong><em>Lundi 12 ao\u00fbt 2024 :<\/em><\/strong><\/p>\n<p>&#8211; Arriv\u00e9e \u00e0 Lourdes vers 07h30<\/p>\n<p>&#8211; Temps Libres<\/p>\n<p>(Remise de cl\u00e9 des chambres entre 10h30 &#8211; 12h30)<\/p>\n<p>&#8211; Messe \u00e0 la Grotte \u00e0 10h00<\/p>\n<p>&#8211; D\u00e9jeuner \u00e0 l&#8217;H\u00f4tel Le Milan \u00e0 12h00<\/p>\n<p>&#8211; Chapelet \u00e0 la Grotte \u00e0 15h00<\/p>\n<p>&#8211; Temps Libre<\/p>\n<p>&#8211; D\u00eener \u00e0 l&#8217;H\u00f4tel Le Milan \u00e0 19h00<\/p>\n<p>&#8211; Procession \u00e0 20h30 (RDV devant la Grotte)<\/p>\n<p>&#8211; Nuit \u00e0 l&#8217;Hotel Le Milan<\/p>\n<p>&nbsp;<\/p>\n<p><strong><em>Mardi 13 ao\u00fbt 2024 :<\/em><\/strong><\/p>\n<p>&#8211; Petit-d\u00e9jeuner entre 07h30 \u2013 09h00<\/p>\n<p>&#8211; Messe \u00e0 la Grotte \u00e0 10h00<\/p>\n<p>&#8211; Temps Libre<\/p>\n<p>&#8211; D\u00e9jeuner \u00e0 l&#8217;H\u00f4tel Le Milan \u00e0 12h00<\/p>\n<p>&#8211; Chapelet \u00e0 la Grotte \u00e0 15h00<\/p>\n<p>&#8211; Temps Libre<\/p>\n<p>&#8211; D\u00eener \u00e0 l&#8217;H\u00f4tel Le Milan \u00e0 19h00<\/p>\n<p>&#8211; Procession \u00e0 20h30 (RDV devant la Grotte)<\/p>\n<p>&#8211; Nuit \u00e0 l&#8217;Hotel Le Milan<\/p>\n<p>&nbsp;<\/p>\n<p><strong><em>Mercredi 14 ao\u00fbt 2024 (Journ\u00e9e \u00e0 la plage de San Sebastian &#8211; Espagne):<\/em><\/strong><\/p>\n<p>&#8211; Petit-d\u00e9jeuner entre 06h00 &#8211; 07h00<\/p>\n<p>&#8211; Excursion 1 journ\u00e9e en Espagne (San Sebastian et sa plage) ; D\u00e9part de Lourdes \u00e0 07h30 vers San S\u00e9bastian (Espagne). Rendez-vous devant l\u2019h\u00f4tel. Vous deviez avoir votre pi\u00e8ce d\u2019identit\u00e9 ou passeport en cours de validit\u00e9.<\/p>\n<p>Arriv\u00e9e \u00e0 San S\u00e9bastian (Espagne) vers 10h00. Temps libres pour visiter la vieille ville, ses \u00e9glises, d\u00e9guster ses tapas et d\u00e9tendre \u00e0 la plage. Repas de midi \u00e0 votre charge, vous avez le choix pour vous restaurer sur place entre plusieurs restaurants soit sp\u00e9cialit\u00e9 tapas, soit les restaurant traditionnels qui sont situ\u00e9s dans la vieille ville de San Sebastian et sur le bord de mer.<\/p>\n<p>Nous partirons de San S\u00e9bastian (Espagne) vers Lourdes vers 17h00 pour arriver \u00e0 Lourdes avant 19h00<\/p>\n<p>&#8211; D\u00eener \u00e0 l&#8217;H\u00f4tel Le Milan \u00e0 19h30<\/p>\n<p>&#8211; Procession \u00e0 21h00 (RDV devant la Grotte)<\/p>\n<p>&#8211; Nuit \u00e0 l&#8217;Hotel Le Milan<\/p>\n<p>&nbsp;<\/p>\n<p><strong><em>Jeudi 15 ao\u00fbt 2024 (journ\u00e9e de l\u2019Assomption) :<\/em><\/strong><\/p>\n<p>&#8211; Horaire des c\u00e9l\u00e9brations des messes \u00e0 confirmer<\/p>\n<p>&#8211; Petit-d\u00e9jeuner entre 07h30 \u2013 09h00<\/p>\n<p>&#8211; Temps Libre<\/p>\n<p>&#8211; D\u00e9jeuner \u00e0 l&#8217;H\u00f4tel Le Milan \u00e0 12h00<\/p>\n<p>&#8211; Chapelet \u00e0 la Grotte \u00e0 15h00 (A reconfirmer)<\/p>\n<p>&#8211; Temps Libre<\/p>\n<p>&#8211; D\u00eener \u00e0 l&#8217;H\u00f4tel Le Milan \u00e0 19h00<\/p>\n<p>&#8211; Procession \u00e0 21h00 (point de d\u00e9part \u00e0 reconfirmer)<\/p>\n<p>&nbsp;<\/p>\n<p><strong><em>Vendredi 16 ao\u00fbt 2024 :<\/em><\/strong><\/p>\n<p>&#8211; Petit-d\u00e9jeuner entre 07h30 \u2013 09h00<\/p>\n<p>&#8211; Messe \u00e0 la Grotte \u00e0 10h00<\/p>\n<p>&#8211; Temps Libre<\/p>\n<p>&#8211; D\u00e9jeuner \u00e0 l&#8217;H\u00f4tel Le Milan \u00e0 12h00<\/p>\n<p>&#8211; Chapelet \u00e0 la Grotte \u00e0 15h00<\/p>\n<p>&#8211; Temps Libre<\/p>\n<p>&#8211; D\u00eener \u00e0 l&#8217;H\u00f4tel Le Milan \u00e0 19h00<\/p>\n<p>&#8211; Procession \u00e0 20h30 (RDV devant la Grotte)<\/p>\n<p>&#8211; Nuit \u00e0 l&#8217;Hotel Le Milan<\/p>\n<p>&nbsp;<\/p>\n<p><strong><em>Samedi 17 ao\u00fbt 2024 :<\/em><\/strong><\/p>\n<p>&#8211; Horaire de messe \u00e0 confirmer<\/p>\n<p>&#8211; Petit-d\u00e9jeuner entre 07h30 \u2013 09h00<\/p>\n<p>&#8211; L&#8217;autocar partira de Lourdes dans la matin\u00e9e vers 09h30 (RDV devant l&#8217;H\u00f4tel \u00e0 09h00)<\/p>\n<p>&#8211; Arriv\u00e9e pr\u00e9vue \u00e0 Paris vers 20h30\/21h30<\/p>\n","protected":false},"excerpt":{"rendered":"<p>Inclus dans ce forfait : Transport en autocar A\/R + 5 nuits d\u2019h\u00e9bergement \u00e0 l&#8217;H\u00f4tel Le Milan + 14 Repas (d\u00e9jeuner + d\u00eener + petit d\u00e9jeuner)<\/p>\n<p><strong><em>Prix Standard pour ce s\u00e9jour : 495 euros par personne<\/em><\/strong><\/p>\n<p>Suppl\u00e9ment Single : 50 euros de suppl\u00e9ment pour le s\u00e9jour \u00e0 payer \u00e0 votre arriv\u00e9e \u00e0 l&#8217;H\u00f4tel (pour une personne qui voyage seule, pour une chambre individuelle)<\/p>\n<p>&nbsp;<\/p>\n<p><strong><em><u>Voici le programme\u00a0: 11 au 17 ao\u00fbt 2024<\/u><\/em><\/strong><\/p>\n<p><strong><em>Dimanche 11 ao\u00fbt 2024<\/em><\/strong><\/p>\n<p>L\u2019Autocar partira de de Paris Porte d\u2019Orl\u00e9ans (M\u00e9tro ligne 4) \u00e0 21h30.<\/p>\n<p>Merci d\u2019arriver au point de d\u00e9part minimum 30 minutes avant le d\u00e9part de d\u2019Autocar<\/p>\n<p>Adresse pour le d\u00e9part du bus\u00a0: 15 &#8211; 21 Bd Romain Rolland, 75014 Paris (devant Hotel Novotel Porte d\u2019Orl\u00e9ans)<\/p>\n<p>L\u2019Accompagnateur du Groupe : Vincent Luxman \u2013 06 60 48 49 10<\/p>\n<p>&nbsp;<\/p>\n<p><strong><em>Lundi 12 ao\u00fbt 2024 :<\/em><\/strong><\/p>\n<p>&#8211; Arriv\u00e9e \u00e0 Lourdes vers 07h30<\/p>\n<p>&#8211; Temps Libres<\/p>\n<p>(Remise de cl\u00e9 des chambres entre 10h30 &#8211; 12h30)<\/p>\n<p>&#8211; Messe \u00e0 la Grotte \u00e0 10h00<\/p>\n<p>&#8211; D\u00e9jeuner \u00e0 l&#8217;H\u00f4tel Le Milan \u00e0 12h00<\/p>\n<p>&#8211; Chapelet \u00e0 la Grotte \u00e0 15h00<\/p>\n<p>&#8211; Temps Libre<\/p>\n<p>&#8211; D\u00eener \u00e0 l&#8217;H\u00f4tel Le Milan \u00e0 19h00<\/p>\n<p>&#8211; Procession \u00e0 20h30 (RDV devant la Grotte)<\/p>\n<p>&#8211; Nuit \u00e0 l&#8217;Hotel Le Milan<\/p>\n<p>&nbsp;<\/p>\n<p><strong><em>Mardi 13 ao\u00fbt 2024 :<\/em><\/strong><\/p>\n<p>&#8211; Petit-d\u00e9jeuner entre 07h30 \u2013 09h00<\/p>\n<p>&#8211; Messe \u00e0 la Grotte \u00e0 10h00<\/p>\n<p>&#8211; Temps Libre<\/p>\n<p>&#8211; D\u00e9jeuner \u00e0 l&#8217;H\u00f4tel Le Milan \u00e0 12h00<\/p>\n<p>&#8211; Chapelet \u00e0 la Grotte \u00e0 15h00<\/p>\n<p>&#8211; Temps Libre<\/p>\n<p>&#8211; D\u00eener \u00e0 l&#8217;H\u00f4tel Le Milan \u00e0 19h00<\/p>\n<p>&#8211; Procession \u00e0 20h30 (RDV devant la Grotte)<\/p>\n<p>&#8211; Nuit \u00e0 l&#8217;Hotel Le Milan<\/p>\n<p>&nbsp;<\/p>\n<p><strong><em>Mercredi 14 ao\u00fbt 2024 (Journ\u00e9e \u00e0 la plage de San Sebastian &#8211; Espagne):<\/em><\/strong><\/p>\n<p>&#8211; Petit-d\u00e9jeuner entre 06h00 &#8211; 07h00<\/p>\n<p>&#8211; Excursion 1 journ\u00e9e en Espagne (San Sebastian et sa plage) ; D\u00e9part de Lourdes \u00e0 07h30 vers San S\u00e9bastian (Espagne). Rendez-vous devant l\u2019h\u00f4tel. Vous deviez avoir votre pi\u00e8ce d\u2019identit\u00e9 ou passeport en cours de validit\u00e9.<\/p>\n<p>Arriv\u00e9e \u00e0 San S\u00e9bastian (Espagne) vers 10h00. Temps libres pour visiter la vieille ville, ses \u00e9glises, d\u00e9guster ses tapas et d\u00e9tendre \u00e0 la plage. Repas de midi \u00e0 votre charge, vous avez le choix pour vous restaurer sur place entre plusieurs restaurants soit sp\u00e9cialit\u00e9 tapas, soit les restaurant traditionnels qui sont situ\u00e9s dans la vieille ville de San Sebastian et sur le bord de mer.<\/p>\n<p>Nous partirons de San S\u00e9bastian (Espagne) vers Lourdes vers 17h00 pour arriver \u00e0 Lourdes avant 19h00<\/p>\n<p>&#8211; D\u00eener \u00e0 l&#8217;H\u00f4tel Le Milan \u00e0 19h30<\/p>\n<p>&#8211; Procession \u00e0 21h00 (RDV devant la Grotte)<\/p>\n<p>&#8211; Nuit \u00e0 l&#8217;Hotel Le Milan<\/p>\n<p>&nbsp;<\/p>\n<p><strong><em>Jeudi 15 ao\u00fbt 2024 (journ\u00e9e de l\u2019Assomption) :<\/em><\/strong><\/p>\n<p>&#8211; Horaire des c\u00e9l\u00e9brations des messes \u00e0 confirmer<\/p>\n<p>&#8211; Petit-d\u00e9jeuner entre 07h30 \u2013 09h00<\/p>\n<p>&#8211; Temps Libre<\/p>\n<p>&#8211; D\u00e9jeuner \u00e0 l&#8217;H\u00f4tel Le Milan \u00e0 12h00<\/p>\n<p>&#8211; Chapelet \u00e0 la Grotte \u00e0 15h00 (A reconfirmer)<\/p>\n<p>&#8211; Temps Libre<\/p>\n<p>&#8211; D\u00eener \u00e0 l&#8217;H\u00f4tel Le Milan \u00e0 19h00<\/p>\n<p>&#8211; Procession \u00e0 21h00 (point de d\u00e9part \u00e0 reconfirmer)<\/p>\n<p>&nbsp;<\/p>\n<p><strong><em>Vendredi 16 ao\u00fbt 2024 :<\/em><\/strong><\/p>\n<p>&#8211; Petit-d\u00e9jeuner entre 07h30 \u2013 09h00<\/p>\n<p>&#8211; Messe \u00e0 la Grotte \u00e0 10h00<\/p>\n<p>&#8211; Temps Libre<\/p>\n<p>&#8211; D\u00e9jeuner \u00e0 l&#8217;H\u00f4tel Le Milan \u00e0 12h00<\/p>\n<p>&#8211; Chapelet \u00e0 la Grotte \u00e0 15h00<\/p>\n<p>&#8211; Temps Libre<\/p>\n<p>&#8211; D\u00eener \u00e0 l&#8217;H\u00f4tel Le Milan \u00e0 19h00<\/p>\n<p>&#8211; Procession \u00e0 20h30 (RDV devant la Grotte)<\/p>\n<p>&#8211; Nuit \u00e0 l&#8217;Hotel Le Milan<\/p>\n<p>&nbsp;<\/p>\n<p><strong><em>Samedi 17 ao\u00fbt 2024 :<\/em><\/strong><\/p>\n<p>&#8211; Horaire de messe \u00e0 confirmer<\/p>\n<p>&#8211; Petit-d\u00e9jeuner entre 07h30 \u2013 09h00<\/p>\n<p>&#8211; L&#8217;autocar partira de Lourdes dans la matin\u00e9e vers 09h30 (RDV devant l&#8217;H\u00f4tel \u00e0 09h00)<\/p>\n<p>&#8211; Arriv\u00e9e pr\u00e9vue \u00e0 Paris vers 20h30\/21h30<\/p>\n","protected":false},"featured_media":236513,"template":"","meta":{"_et_pb_use_builder":"","_et_pb_old_content":"","_et_gb_content_width":""},"product_cat":[48],"product_tag":[],"yoast_head":"<!-- This site is optimized with the Yoast SEO plugin v20.1 - https:\/\/yoast.com\/wordpress\/plugins\/seo\/ -->\n<title>Test - Voyage Paris-Lourdes du 11 au 17 Ao\u00fbt 2024 - Esprit Libre Hotel<\/title>\n<meta name=\"description\" content=\"Pour cette ann\u00e9e, un seul voyage mais il sera unique avec 5 nuits d&#039;h\u00e9bergement \u00e0 300 m\u00e8tres de la La Grotte de Lourdes et une journ\u00e9e d\u00e9tente \u00e0 San Sebastian (Espagne). Vous serez en pension compl\u00e8te pendant votre s\u00e9jour \u00e0 l&#039;H\u00f4tel Le Milan (d\u00e9jeuner + d\u00eener + petit-d\u00e9jeuner).\" \/>\n<meta name=\"robots\" content=\"noindex, follow, max-snippet:-1, max-image-preview:large, max-video-preview:-1\" \/>\n<meta property=\"og:locale\" content=\"en_US\" \/>\n<meta property=\"og:type\" content=\"article\" \/>\n<meta property=\"og:title\" content=\"Hotel Le Milan - Voyage Paris-Lourdes du 11 au 17 ao\u00fbt 2024\" \/>\n<meta property=\"og:description\" content=\"Pour cette ann\u00e9e, un seul voyage mais il sera unique avec 5 nuits d&#039;h\u00e9bergement \u00e0 300 m\u00e8tres de la La Grotte de Lourdes et une journ\u00e9e d\u00e9tente \u00e0 San Sebastian (Espagne). Vous serez en pension compl\u00e8te pendant votre s\u00e9jour \u00e0 l&#039;H\u00f4tel Le Milan (d\u00e9jeuner + d\u00eener + petit-d\u00e9jeuner).\" \/>\n<meta property=\"og:url\" content=\"https:\/\/hotel-le-milan.doreabox.com\/en\/coffrets-cadeaux\/voyage-paris-lourdes-du-11-au-17-aout-2024\/\" \/>\n<meta property=\"og:site_name\" content=\"Esprit Libre Hotel\" \/>\n<meta property=\"article:modified_time\" content=\"2024-03-06T16:05:09+00:00\" \/>\n<meta property=\"og:image\" content=\"https:\/\/hotel-le-milan.doreabox.com\/wp-content\/uploads\/2024\/03\/Paris-Lourdes-aout-2024-V2.png\" \/>\n\t<meta property=\"og:image:width\" content=\"1199\" \/>\n\t<meta property=\"og:image:height\" content=\"1199\" \/>\n\t<meta property=\"og:image:type\" content=\"image\/png\" \/>\n<meta name=\"twitter:card\" content=\"summary_large_image\" \/>\n<meta name=\"twitter:label1\" content=\"Est. reading time\" \/>\n\t<meta name=\"twitter:data1\" content=\"3 minutes\" \/>\n<script type=\"application\/ld+json\" class=\"yoast-schema-graph\">{\"@context\":\"https:\/\/schema.org\",\"@graph\":[{\"@type\":\"WebPage\",\"@id\":\"https:\/\/hotel-le-milan.doreabox.com\/en\/coffrets-cadeaux\/voyage-paris-lourdes-du-11-au-17-aout-2024\/\",\"url\":\"https:\/\/hotel-le-milan.doreabox.com\/en\/coffrets-cadeaux\/voyage-paris-lourdes-du-11-au-17-aout-2024\/\",\"name\":\"Test - Voyage Paris-Lourdes du 11 au 17 Ao\u00fbt 2024 - Esprit Libre Hotel\",\"isPartOf\":{\"@id\":\"https:\/\/hotel-le-milan.doreabox.com\/en\/#website\"},\"datePublished\":\"2024-03-05T19:40:04+00:00\",\"dateModified\":\"2024-03-06T16:05:09+00:00\",\"description\":\"Pour cette ann\u00e9e, un seul voyage mais il sera unique avec 5 nuits d'h\u00e9bergement \u00e0 300 m\u00e8tres de la La Grotte de Lourdes et une journ\u00e9e d\u00e9tente \u00e0 San Sebastian (Espagne). Vous serez en pension compl\u00e8te pendant votre s\u00e9jour \u00e0 l'H\u00f4tel Le Milan (d\u00e9jeuner + d\u00eener + petit-d\u00e9jeuner).\",\"breadcrumb\":{\"@id\":\"https:\/\/hotel-le-milan.doreabox.com\/en\/coffrets-cadeaux\/voyage-paris-lourdes-du-11-au-17-aout-2024\/#breadcrumb\"},\"inLanguage\":\"en-US\",\"potentialAction\":[{\"@type\":\"ReadAction\",\"target\":[\"https:\/\/hotel-le-milan.doreabox.com\/en\/coffrets-cadeaux\/voyage-paris-lourdes-du-11-au-17-aout-2024\/\"]}]},{\"@type\":\"BreadcrumbList\",\"@id\":\"https:\/\/hotel-le-milan.doreabox.com\/en\/coffrets-cadeaux\/voyage-paris-lourdes-du-11-au-17-aout-2024\/#breadcrumb\",\"itemListElement\":[{\"@type\":\"ListItem\",\"position\":1,\"name\":\"Accueil\",\"item\":\"https:\/\/hotel-le-milan.doreabox.com\/en\/\"},{\"@type\":\"ListItem\",\"position\":2,\"name\":\"Our travels\",\"item\":\"https:\/\/hotel-le-milan.doreabox.com\/voyages\/\"},{\"@type\":\"ListItem\",\"position\":3,\"name\":\"Test &#8211; Voyage Paris-Lourdes du 11 au 17 Ao\u00fbt 2024\"}]},{\"@type\":\"WebSite\",\"@id\":\"https:\/\/hotel-le-milan.doreabox.com\/en\/#website\",\"url\":\"https:\/\/hotel-le-milan.doreabox.com\/en\/\",\"name\":\"Esprit Libre Hotel\",\"description\":\"Discover the new Esprit Libre Hotel shop !\",\"potentialAction\":[{\"@type\":\"SearchAction\",\"target\":{\"@type\":\"EntryPoint\",\"urlTemplate\":\"https:\/\/hotel-le-milan.doreabox.com\/en\/?s={search_term_string}\"},\"query-input\":\"required name=search_term_string\"}],\"inLanguage\":\"en-US\"}]}<\/script>\n<!-- \/ Yoast SEO plugin. -->","yoast_head_json":{"title":"Test - Voyage Paris-Lourdes du 11 au 17 Ao\u00fbt 2024 - Esprit Libre Hotel","description":"Pour cette ann\u00e9e, un seul voyage mais il sera unique avec 5 nuits d'h\u00e9bergement \u00e0 300 m\u00e8tres de la La Grotte de Lourdes et une journ\u00e9e d\u00e9tente \u00e0 San Sebastian (Espagne). Vous serez en pension compl\u00e8te pendant votre s\u00e9jour \u00e0 l'H\u00f4tel Le Milan (d\u00e9jeuner + d\u00eener + petit-d\u00e9jeuner).","robots":{"index":"noindex","follow":"follow","max-snippet":"max-snippet:-1","max-image-preview":"max-image-preview:large","max-video-preview":"max-video-preview:-1"},"og_locale":"en_US","og_type":"article","og_title":"Hotel Le Milan - Voyage Paris-Lourdes du 11 au 17 ao\u00fbt 2024","og_description":"Pour cette ann\u00e9e, un seul voyage mais il sera unique avec 5 nuits d'h\u00e9bergement \u00e0 300 m\u00e8tres de la La Grotte de Lourdes et une journ\u00e9e d\u00e9tente \u00e0 San Sebastian (Espagne). Vous serez en pension compl\u00e8te pendant votre s\u00e9jour \u00e0 l'H\u00f4tel Le Milan (d\u00e9jeuner + d\u00eener + petit-d\u00e9jeuner).","og_url":"https:\/\/hotel-le-milan.doreabox.com\/en\/coffrets-cadeaux\/voyage-paris-lourdes-du-11-au-17-aout-2024\/","og_site_name":"Esprit Libre Hotel","article_modified_time":"2024-03-06T16:05:09+00:00","og_image":[{"width":1199,"height":1199,"url":"https:\/\/hotel-le-milan.doreabox.com\/wp-content\/uploads\/2024\/03\/Paris-Lourdes-aout-2024-V2.png","type":"image\/png"}],"twitter_card":"summary_large_image","twitter_misc":{"Est. reading time":"3 minutes"},"schema":{"@context":"https:\/\/schema.org","@graph":[{"@type":"WebPage","@id":"https:\/\/hotel-le-milan.doreabox.com\/en\/coffrets-cadeaux\/voyage-paris-lourdes-du-11-au-17-aout-2024\/","url":"https:\/\/hotel-le-milan.doreabox.com\/en\/coffrets-cadeaux\/voyage-paris-lourdes-du-11-au-17-aout-2024\/","name":"Test - Voyage Paris-Lourdes du 11 au 17 Ao\u00fbt 2024 - Esprit Libre Hotel","isPartOf":{"@id":"https:\/\/hotel-le-milan.doreabox.com\/en\/#website"},"datePublished":"2024-03-05T19:40:04+00:00","dateModified":"2024-03-06T16:05:09+00:00","description":"Pour cette ann\u00e9e, un seul voyage mais il sera unique avec 5 nuits d'h\u00e9bergement \u00e0 300 m\u00e8tres de la La Grotte de Lourdes et une journ\u00e9e d\u00e9tente \u00e0 San Sebastian (Espagne). Vous serez en pension compl\u00e8te pendant votre s\u00e9jour \u00e0 l'H\u00f4tel Le Milan (d\u00e9jeuner + d\u00eener + petit-d\u00e9jeuner).","breadcrumb":{"@id":"https:\/\/hotel-le-milan.doreabox.com\/en\/coffrets-cadeaux\/voyage-paris-lourdes-du-11-au-17-aout-2024\/#breadcrumb"},"inLanguage":"en-US","potentialAction":[{"@type":"ReadAction","target":["https:\/\/hotel-le-milan.doreabox.com\/en\/coffrets-cadeaux\/voyage-paris-lourdes-du-11-au-17-aout-2024\/"]}]},{"@type":"BreadcrumbList","@id":"https:\/\/hotel-le-milan.doreabox.com\/en\/coffrets-cadeaux\/voyage-paris-lourdes-du-11-au-17-aout-2024\/#breadcrumb","itemListElement":[{"@type":"ListItem","position":1,"name":"Accueil","item":"https:\/\/hotel-le-milan.doreabox.com\/en\/"},{"@type":"ListItem","position":2,"name":"Our travels","item":"https:\/\/hotel-le-milan.doreabox.com\/voyages\/"},{"@type":"ListItem","position":3,"name":"Test &#8211; Voyage Paris-Lourdes du 11 au 17 Ao\u00fbt 2024"}]},{"@type":"WebSite","@id":"https:\/\/hotel-le-milan.doreabox.com\/en\/#website","url":"https:\/\/hotel-le-milan.doreabox.com\/en\/","name":"Esprit Libre Hotel","description":"Discover the new Esprit Libre Hotel shop !","potentialAction":[{"@type":"SearchAction","target":{"@type":"EntryPoint","urlTemplate":"https:\/\/hotel-le-milan.doreabox.com\/en\/?s={search_term_string}"},"query-input":"required name=search_term_string"}],"inLanguage":"en-US"}]}},"_links":{"self":[{"href":"https:\/\/hotel-le-milan.doreabox.com\/en\/wp-json\/wp\/v2\/product\/236512"}],"collection":[{"href":"https:\/\/hotel-le-milan.doreabox.com\/en\/wp-json\/wp\/v2\/product"}],"about":[{"href":"https:\/\/hotel-le-milan.doreabox.com\/en\/wp-json\/wp\/v2\/types\/product"}],"wp:featuredmedia":[{"embeddable":true,"href":"https:\/\/hotel-le-milan.doreabox.com\/en\/wp-json\/wp\/v2\/media\/236513"}],"wp:attachment":[{"href":"https:\/\/hotel-le-milan.doreabox.com\/en\/wp-json\/wp\/v2\/media?parent=236512"}],"wp:term":[{"taxonomy":"product_cat","embeddable":true,"href":"https:\/\/hotel-le-milan.doreabox.com\/en\/wp-json\/wp\/v2\/product_cat?post=236512"},{"taxonomy":"product_tag","embeddable":true,"href":"https:\/\/hotel-le-milan.doreabox.com\/en\/wp-json\/wp\/v2\/product_tag?post=236512"}],"curies":[{"name":"wp","href":"https:\/\/api.w.org\/{rel}","templated":true}]}}